{"id":431,"date":"2023-02-05T11:10:40","date_gmt":"2023-02-05T11:10:40","guid":{"rendered":"https:\/\/ancorp.hr\/o-nama\/"},"modified":"2023-12-09T13:07:42","modified_gmt":"2023-12-09T13:07:42","slug":"uber-uns","status":"publish","type":"page","link":"https:\/\/ancorp.hr\/de\/uber-uns\/","title":{"rendered":"\u00dcber uns"},"content":{"rendered":"<h2>MISSION<\/h2>\n<p>Unsere Mission ist der konstante Ausbau von Gesch\u00e4ftsbeziehungen mit in- und ausl\u00e4ndischen Partnern, um hohe Qualit\u00e4tsstandards in den Bereichen Maschinenbau und Metallbearbeitung zu gew\u00e4hrleisten. Ihre Zufriedenheit ist unsere Verpflichtung.<\/p>\n<h2>VISION<\/h2>\n<p>Durch st\u00e4ndige Investitionen in Qualit\u00e4t und Kompetenz streben wir danach, auf dem Binnen- und Exportmarkt ein anerkannter Partner im Bereich der Metallbearbeitung zu werden.<\/p>\n<div class=\"row\">\n<div class=\"col-12 col-sm-6\">\n<h3>DIENSTLEISTUNGEN<\/h3>\n<ul>\n<li>CNC-FR\u00c4SEN<\/li>\n<li>CNC-DREHEN<\/li>\n<li>CAD\/CAM<\/li>\n<li>QUALIT\u00c4TSKONTROLLE<\/li>\n<li>BAUGRUPPENMONTAGE<\/li>\n<li>LASER-GRAVUR<\/li>\n<li>ZUS\u00c4TZLICHE VERARBEITUNG<\/li>\n<\/ul>\n<\/div>\n<div class=\"col-12 col-sm-6\">\n<h3>STANDARDS<\/h3>\n<ul>\n<li>FACHPERSONAL<\/li>\n<li>MODERNER MASCHINENPARK<\/li>\n<li>HOHE QUALIT\u00c4T<\/li>\n<li>VERANTWORTUNG<\/li>\n<li>INNOVATIONEN<br \/>\nIN DER PRODUKTION<\/li>\n<li>SCHNELLE LIEFERUNG<\/li>\n<\/ul>\n<\/div>\n<\/div>\n","protected":false},"excerpt":{"rendered":"<p>MISSION Unsere Mission ist der konstante Ausbau von Gesch\u00e4ftsbeziehungen mit in- und ausl\u00e4ndischen Partnern, um hohe Qualit\u00e4tsstandards in den Bereichen Maschinenbau und Metallbearbeitung zu gew\u00e4hrleisten. Ihre Zufriedenheit ist unsere Verpflichtung. VISION Durch st\u00e4ndige Investitionen in Qualit\u00e4t und Kompetenz streben wir danach, auf dem Binnen- und Exportmarkt ein anerkannter Partner im Bereich der Metallbearbeitung zu werden. [&hellip;]<\/p>\n","protected":false},"author":1,"featured_media":297,"parent":0,"menu_order":0,"comment_status":"closed","ping_status":"closed","template":"","meta":{"footnotes":""},"class_list":["post-431","page","type-page","status-publish","has-post-thumbnail","hentry"],"acf":[],"_links":{"self":[{"href":"https:\/\/ancorp.hr\/de\/wp-json\/wp\/v2\/pages\/431","targetHints":{"allow":["GET"]}}],"collection":[{"href":"https:\/\/ancorp.hr\/de\/wp-json\/wp\/v2\/pages"}],"about":[{"href":"https:\/\/ancorp.hr\/de\/wp-json\/wp\/v2\/types\/page"}],"author":[{"embeddable":true,"href":"https:\/\/ancorp.hr\/de\/wp-json\/wp\/v2\/users\/1"}],"replies":[{"embeddable":true,"href":"https:\/\/ancorp.hr\/de\/wp-json\/wp\/v2\/comments?post=431"}],"version-history":[{"count":3,"href":"https:\/\/ancorp.hr\/de\/wp-json\/wp\/v2\/pages\/431\/revisions"}],"predecessor-version":[{"id":435,"href":"https:\/\/ancorp.hr\/de\/wp-json\/wp\/v2\/pages\/431\/revisions\/435"}],"wp:featuredmedia":[{"embeddable":true,"href":"https:\/\/ancorp.hr\/de\/wp-json\/wp\/v2\/media\/297"}],"wp:attachment":[{"href":"https:\/\/ancorp.hr\/de\/wp-json\/wp\/v2\/media?parent=431"}],"curies":[{"name":"wp","href":"https:\/\/api.w.org\/{rel}","templated":true}]}}