{"id":521,"date":"2023-02-25T11:39:43","date_gmt":"2023-02-25T11:39:43","guid":{"rendered":"https:\/\/ancorp.hr\/izjava-o-kolacicima\/"},"modified":"2023-12-09T12:50:55","modified_gmt":"2023-12-09T12:50:55","slug":"cookie-erklaerung","status":"publish","type":"page","link":"https:\/\/ancorp.hr\/de\/cookie-erklaerung\/","title":{"rendered":"Cookie-Erkl\u00e4rung"},"content":{"rendered":"<p>F\u0171r die korrekte Arbeit diese Webseite, und der Zweck der weiteren Verbesserung des Dienstes, sollte diese Webseite auf Ihren Komputer eine kleine Menge informationen speichern. Benutzung diese Webseite, geben Sie ihre Zustimmung f\u0171r die Verwendung und speicherung von Cookies. Sie k\u00f6nnen sie immer noch blockieren, aber einige von den Funkzionen werden nicht mehr verf\u0171gbar.<\/p>\n<p>Unsere Politik \u00fcber Cookies erkl\u00e4rt, was \u00fcberhaupt Cookies sind, wie man Cookies benutzt, welche Auswahl haben Sie in der Verbindung mit Cookies und wie k\u00f6nnen Sie zus\u00e4tzliche Informationen \u00fcber Cookies finden.<\/p>\n<h3>1. Was sind Cookies?<\/h3>\n<p>Die Cookie-Informationen werden von Ihnen besuchten Website auf Ihrem Computer gespeichert. Cookies speichern Ihre Einzelteile, wie zum Beispiel die bevorzugte Sprache oder Adresse. Sp\u00e4ter, wenn Sie diese Webseite offnen, der Internetbrowser sendet die Cookies zur\u00fcck, die zu dieser Seite geh\u00f6ren. Das erm\u00f6glicht der Webseite Informationen zugeschnitten Ihren Bed\u00fcrfnissen zu zeigen. Cookies k\u00f6nnen eine Vielzahl von Informationen speichern, einschlie\u00dflich pers\u00f6nlicher Informationen (wie beispielsweise Ihr Name oder Ihre E-Mail-Adresse). Die bereitgestellten Informationen k\u00f6nnen jedoch nicht ohne die Erlaubnis der Website oder den Zugriff auf die Informationen gespeichert werden, die Sie nicht angegeben haben, und k\u00f6nnen nicht auf andere Dateien auf Ihrem Computer zugreifen. Die Standardaktivit\u00e4t zum Speichern und Senden von Cookies ist f\u00fcr Sie nicht sichtbar. Allerdings Einstellungen der Internet-Browser k\u00f6nnen Sie und so ver\u00e4ndern k\u00f6nnen w\u00e4hlen, ob die Voraussetzungen f\u00fcr Cookies genehmigen oder ablehnen und l\u00f6schen gespeicherten Cookies automatisch zu speichern, wenn Sie den Internet-Browser und dergleichen schlie\u00dfen.<\/p>\n<h3>2. Welche Art von Cookies verwenden wir und warum?<\/h3>\n<p>Tempor\u00e4re Cookies werden durch Schlie\u00dfen des Internetbrowsers von Ihrem Computer entfernt. Mit ihnen speichern Websites tempor\u00e4re Daten. Wir verwenden sie, um den Zugriff auf Inhalte zu erm\u00f6glichen oder die Sprache der Seitenaufrufe zu speichern.<\/p>\n<p>Permanente oder gespeicherte Cookies bleiben auf Ihrem Computer, nachdem Sie Ihren Internetbrowser geschlossen haben. \u00dcber diese Sites speichern sie Informationen wie Ihren Login-Namen und Ihr Passwort, sodass Sie sich nicht bei jedem Besuch an einem bestimmten Ort anmelden m\u00fcssen. Permanente Cookies bleiben f\u00fcr Tage, Monate oder sogar Jahre auf Ihrem Computer. Wir verwenden persistente Cookies, um Benutzergewohnheiten besser zu verstehen, damit wir die Seite Ihren Gewohnheiten entsprechend verbessern k\u00f6nnen. Diese Informationen sind anonym &#8211; wir sehen keine individuellen Benutzerinformationen.<\/p>\n<p>30-Tage-Cookies werden verwendet, um die Cookie-Benachrichtigung nicht anzuzeigen, nachdem Sie sie akzeptiert haben.<\/p>\n<p>Wenn Sie unsere Website nutzen, ohne Ihre Browsereinstellungen zu \u00e4ndern, gehen wir davon aus, dass Sie damit einverstanden sind, alle Cookies von unserer Website zu erhalten. Die meisten Browser bieten die M\u00f6glichkeit, einzelne Cookies, einschlie\u00dflich Cookies, von unserer Website zu l\u00f6schen. Cookies von Drittanbietern, die bei Verwendung externer Dienste gespeichert werden. Es gibt mehrere externe Dienste, die von einem Benutzer zum Speichern begrenzter Cookies verwendet werden k\u00f6nnen.<\/p>\n<p>Diese Cookies werden nicht von dieser Website gespeichert, einige dienen jedoch zum normalen Funktionieren einiger Funktionen und zum leichteren Zugriff auf den Inhalt. Externe Dienste, die verwendet werden und Cookies setzen k\u00f6nnen, sind:<\/p>\n<ul>\n<li>Google analytics<\/li>\n<li>Google reCaptcha<\/li>\n<li>Youtube<\/li>\n<\/ul>\n<h3>3. Welche Wahl haben Sie in Bezug auf Cookies?<\/h3>\n<p>Indem Sie Cookies verhindern, entscheiden Sie, ob Cookies auf Ihrem Computer gespeichert werden d\u00fcrfen. Cookie-Einstellungen werden in Ihrem Webbrowser gesteuert und bearbeitet. Haben Sie jederzeit wollen, l\u00f6schen oder deaktivieren Cookies auf Ihrem Computer k\u00f6nnen Sie die Einstellungen des Web-Browsers aktualisieren (Informationen dar\u00fcber, wie Cookies l\u00f6schen und deaktivieren, gehen Sie zu Ihrem Browser \u00fcber das Men\u00fc \u201eHilfe\u201c w\u00e4hlen). Es ist wichtig zu beachten, dass Sie durch das Deaktivieren von Cookies einige Funktionen dieser Website nicht nutzen k\u00f6nnen.<\/p>\n<p>Wenn Sie mehr \u00fcber Cookies erfahren m\u00f6chten, einschlie\u00dflich Informationen zur Platzierung von Cookies und zum Verwalten oder Ausschlie\u00dfen von Cookies, besuchen Sie folgende Websites:<\/p>\n<ul>\n<li>www.allaboutcookies.org<\/li>\n<li>www.youronlinechoices.eu<\/li>\n<\/ul>\n<p>Wenn Sie Tracking sofort auf einer Website mithilfe von Google Analytics deaktivieren m\u00f6chten, besuchen Sie die Website: https:\/\/tools.google.com\/dlpage\/gaoptout<\/p>\n<h3>4. \u00c4nderung unserer Richtlinie f\u00fcr Cookies<\/h3>\n<p>Alle zuk\u00fcnftigen \u00c4nderungen unserer Richtlinien f\u00fcr Cookies werden auf dieser Website ver\u00f6ffentlicht. Bitte besuchen Sie diese Website regelm\u00e4\u00dfig, um Informationen zu m\u00f6glichen \u00c4nderungen unserer Cookie-Richtlinien zu erhalten. Diese Cookie-Richtlinie wurde zuletzt am 10. Mai 2018 ge\u00e4ndert und ersetzt alle anderen Cookie-Richtlinien, die vor diesem Datum g\u00fcltig waren.<\/p>\n<h3>Kontakt<\/h3>\n<p>Alle Fragen, Kommentare und dieser Politik von Cookies bezogene Anfragen sind willkommen und k\u00f6nnen an folgende Adresse geschickt werden: ANCORP d.o.o., Mo\u017edenec 1U, HR-42220 Novi Marof, Kroatien; oder E-Mail-Adresse: info@ancorp.hr.<\/p>\n","protected":false},"excerpt":{"rendered":"<p>F\u0171r die korrekte Arbeit diese Webseite, und der Zweck der weiteren Verbesserung des Dienstes, sollte diese Webseite auf Ihren Komputer eine kleine Menge informationen speichern. Benutzung diese Webseite, geben Sie ihre Zustimmung f\u0171r die Verwendung und speicherung von Cookies. Sie k\u00f6nnen sie immer noch blockieren, aber einige von den Funkzionen werden nicht mehr verf\u0171gbar. Unsere [&hellip;]<\/p>\n","protected":false},"author":2,"featured_media":0,"parent":0,"menu_order":0,"comment_status":"closed","ping_status":"closed","template":"page-no-featured-image.php","meta":{"footnotes":""},"class_list":["post-521","page","type-page","status-publish","hentry"],"acf":[],"_links":{"self":[{"href":"https:\/\/ancorp.hr\/de\/wp-json\/wp\/v2\/pages\/521","targetHints":{"allow":["GET"]}}],"collection":[{"href":"https:\/\/ancorp.hr\/de\/wp-json\/wp\/v2\/pages"}],"about":[{"href":"https:\/\/ancorp.hr\/de\/wp-json\/wp\/v2\/types\/page"}],"author":[{"embeddable":true,"href":"https:\/\/ancorp.hr\/de\/wp-json\/wp\/v2\/users\/2"}],"replies":[{"embeddable":true,"href":"https:\/\/ancorp.hr\/de\/wp-json\/wp\/v2\/comments?post=521"}],"version-history":[{"count":4,"href":"https:\/\/ancorp.hr\/de\/wp-json\/wp\/v2\/pages\/521\/revisions"}],"predecessor-version":[{"id":532,"href":"https:\/\/ancorp.hr\/de\/wp-json\/wp\/v2\/pages\/521\/revisions\/532"}],"wp:attachment":[{"href":"https:\/\/ancorp.hr\/de\/wp-json\/wp\/v2\/media?parent=521"}],"curies":[{"name":"wp","href":"https:\/\/api.w.org\/{rel}","templated":true}]}}